{"id":59,"date":"2022-12-12T19:58:36","date_gmt":"2022-12-12T19:58:36","guid":{"rendered":"https:\/\/springenieur.ch\/?page_id=59"},"modified":"2022-12-30T14:59:45","modified_gmt":"2022-12-30T14:59:45","slug":"referenzen","status":"publish","type":"page","link":"https:\/\/springenieur.ch\/?page_id=59","title":{"rendered":"Referenzen"},"content":{"rendered":"\n<p>#ref 1: Brandeisen Schilder Rundgang f\u00fcrs <a href=\"http:\/\/www.saagi.ch\" title=\"\">Fabriggli<\/a><\/p>\n\n\n\n<figure class=\"wp-block-image size-large\"><img loading=\"lazy\" decoding=\"async\" width=\"1024\" height=\"768\" src=\"https:\/\/springenieur.ch\/wp-content\/uploads\/2022\/12\/DSC_1616-1024x768.jpg\" alt=\"\" class=\"wp-image-67\" srcset=\"https:\/\/springenieur.ch\/wp-content\/uploads\/2022\/12\/DSC_1616-1024x768.jpg 1024w, https:\/\/springenieur.ch\/wp-content\/uploads\/2022\/12\/DSC_1616-300x225.jpg 300w, https:\/\/springenieur.ch\/wp-content\/uploads\/2022\/12\/DSC_1616-768x576.jpg 768w, https:\/\/springenieur.ch\/wp-content\/uploads\/2022\/12\/DSC_1616-1536x1152.jpg 1536w, https:\/\/springenieur.ch\/wp-content\/uploads\/2022\/12\/DSC_1616-2048x1536.jpg 2048w\" sizes=\"auto, (max-width: 767px) 89vw, (max-width: 1000px) 54vw, (max-width: 1071px) 543px, 580px\" \/><\/figure>\n\n\n\n<hr class=\"wp-block-separator has-alpha-channel-opacity is-style-wide\"\/>\n\n\n\n<p>#ref 2: Mitarbeit beim <a href=\"http:\/\/www.beo-timing.ch\" title=\"\">beo-timing.ch<\/a>, einer Zeitmessanlage f\u00fcr Einzelstartrennen<\/p>\n\n\n\n<hr class=\"wp-block-separator has-alpha-channel-opacity is-style-wide\"\/>\n\n\n\n<p>#ref 3: Aufbau des <a href=\"http:\/\/www.repaircafe-thun.ch\" title=\"\">Repair Caf\u00e9 Steffisburg<\/a><\/p>\n\n\n\n<figure class=\"wp-block-image size-full\"><img loading=\"lazy\" decoding=\"async\" width=\"784\" height=\"612\" src=\"https:\/\/springenieur.ch\/wp-content\/uploads\/2022\/12\/Logo_Steffisburg.jpg\" alt=\"\" class=\"wp-image-66\" srcset=\"https:\/\/springenieur.ch\/wp-content\/uploads\/2022\/12\/Logo_Steffisburg.jpg 784w, https:\/\/springenieur.ch\/wp-content\/uploads\/2022\/12\/Logo_Steffisburg-300x234.jpg 300w, https:\/\/springenieur.ch\/wp-content\/uploads\/2022\/12\/Logo_Steffisburg-768x600.jpg 768w\" sizes=\"auto, (max-width: 767px) 89vw, (max-width: 1000px) 54vw, (max-width: 1071px) 543px, 580px\" \/><\/figure>\n\n\n\n<hr class=\"wp-block-separator has-alpha-channel-opacity is-style-wide\"\/>\n\n\n\n<p>#ref 4: Reverse Engineering Seitenabdeckung Honda TL 1: 3D Scan und 3D Druck<\/p>\n\n\n\n<figure class=\"wp-block-gallery has-nested-images columns-default is-cropped wp-block-gallery-1 is-layout-flex wp-block-gallery-is-layout-flex\">\n<figure class=\"wp-block-image size-large\"><img loading=\"lazy\" decoding=\"async\" width=\"1024\" height=\"768\" data-id=\"65\" src=\"https:\/\/springenieur.ch\/wp-content\/uploads\/2022\/12\/IMG_20220809_173210-1024x768.jpg\" alt=\"\" class=\"wp-image-65\" srcset=\"https:\/\/springenieur.ch\/wp-content\/uploads\/2022\/12\/IMG_20220809_173210-1024x768.jpg 1024w, https:\/\/springenieur.ch\/wp-content\/uploads\/2022\/12\/IMG_20220809_173210-300x225.jpg 300w, https:\/\/springenieur.ch\/wp-content\/uploads\/2022\/12\/IMG_20220809_173210-768x576.jpg 768w, https:\/\/springenieur.ch\/wp-content\/uploads\/2022\/12\/IMG_20220809_173210-1536x1152.jpg 1536w, https:\/\/springenieur.ch\/wp-content\/uploads\/2022\/12\/IMG_20220809_173210-2048x1536.jpg 2048w\" sizes=\"auto, (max-width: 767px) 89vw, (max-width: 1000px) 54vw, (max-width: 1071px) 543px, 580px\" \/><\/figure>\n\n\n\n<figure class=\"wp-block-image size-large\"><img loading=\"lazy\" decoding=\"async\" width=\"1024\" height=\"768\" data-id=\"64\" src=\"https:\/\/springenieur.ch\/wp-content\/uploads\/2022\/12\/IMG_20220809_173234-1024x768.jpg\" alt=\"\" class=\"wp-image-64\" srcset=\"https:\/\/springenieur.ch\/wp-content\/uploads\/2022\/12\/IMG_20220809_173234-1024x768.jpg 1024w, https:\/\/springenieur.ch\/wp-content\/uploads\/2022\/12\/IMG_20220809_173234-300x225.jpg 300w, https:\/\/springenieur.ch\/wp-content\/uploads\/2022\/12\/IMG_20220809_173234-768x576.jpg 768w, https:\/\/springenieur.ch\/wp-content\/uploads\/2022\/12\/IMG_20220809_173234-1536x1152.jpg 1536w, https:\/\/springenieur.ch\/wp-content\/uploads\/2022\/12\/IMG_20220809_173234-2048x1536.jpg 2048w\" sizes=\"auto, (max-width: 767px) 89vw, (max-width: 1000px) 54vw, (max-width: 1071px) 543px, 580px\" \/><\/figure>\n<\/figure>\n\n\n\n<hr class=\"wp-block-separator has-alpha-channel-opacity is-style-wide\"\/>\n\n\n\n<p>#ref 5: Fahrradanh\u00e4nger f\u00fcr Collectors Thun zum Transport von frisch geb\u00fcgelten Hemden<\/p>\n\n\n\n<figure class=\"wp-block-image size-full\"><img loading=\"lazy\" decoding=\"async\" width=\"704\" height=\"469\" src=\"https:\/\/springenieur.ch\/wp-content\/uploads\/2022\/12\/Anhaenger.jpg\" alt=\"\" class=\"wp-image-81\" srcset=\"https:\/\/springenieur.ch\/wp-content\/uploads\/2022\/12\/Anhaenger.jpg 704w, https:\/\/springenieur.ch\/wp-content\/uploads\/2022\/12\/Anhaenger-300x200.jpg 300w\" sizes=\"auto, (max-width: 704px) 100vw, 704px\" \/><figcaption class=\"wp-element-caption\">Anh\u00e4nger zur Auslieferung frisch geb\u00fcgelter Hemden<\/figcaption><\/figure>\n\n\n\n<hr class=\"wp-block-separator has-alpha-channel-opacity is-style-wide\"\/>\n\n\n\n<p>#6, Dez. 22: Interview \u00fcber die Reparaturbewegung in der Jungfrauzeitung<\/p>\n\n\n\n<figure class=\"wp-block-image size-full\"><img loading=\"lazy\" decoding=\"async\" width=\"1019\" height=\"672\" src=\"https:\/\/springenieur.ch\/wp-content\/uploads\/2022\/12\/Titelbild-Interview-JZ.jpg\" alt=\"\" class=\"wp-image-77\" srcset=\"https:\/\/springenieur.ch\/wp-content\/uploads\/2022\/12\/Titelbild-Interview-JZ.jpg 1019w, https:\/\/springenieur.ch\/wp-content\/uploads\/2022\/12\/Titelbild-Interview-JZ-300x198.jpg 300w, https:\/\/springenieur.ch\/wp-content\/uploads\/2022\/12\/Titelbild-Interview-JZ-768x506.jpg 768w\" sizes=\"auto, (max-width: 767px) 89vw, (max-width: 1000px) 54vw, (max-width: 1071px) 543px, 580px\" \/><figcaption class=\"wp-element-caption\"><a href=\"https:\/\/www.jungfrauzeitung.ch\/artikel\/204709\/\" target=\"_blank\" rel=\"noopener\" title=\"Interview Jungfrau Zeitung\">https:\/\/www.jungfrauzeitung.ch\/artikel\/204709\/<\/a><\/figcaption><\/figure>\n\n\n\n<!--more-->\n\n\n\n<p>Test 123<\/p>\n\n\n\n<hr class=\"wp-block-separator has-alpha-channel-opacity is-style-wide\"\/>\n","protected":false},"excerpt":{"rendered":"<p>#ref 1: Brandeisen Schilder Rundgang f\u00fcrs Fabriggli #ref 2: Mitarbeit beim beo-timing.ch, einer Zeitmessanlage f\u00fcr Einzelstartrennen #ref 3: Aufbau des Repair Caf\u00e9 Steffisburg #ref 4: Reverse Engineering Seitenabdeckung Honda TL 1: 3D Scan und 3D Druck #ref 5: Fahrradanh\u00e4nger f\u00fcr Collectors Thun zum Transport von frisch geb\u00fcgelten Hemden #6, Dez. 22: Interview \u00fcber die Reparaturbewegung &hellip; <\/p>\n<p class=\"link-more\"><a href=\"https:\/\/springenieur.ch\/?page_id=59\" class=\"more-link\"><span class=\"screen-reader-text\">\u201eReferenzen\u201c<\/span> weiterlesen<\/a><\/p>\n","protected":false},"author":1,"featured_media":71,"parent":0,"menu_order":0,"comment_status":"closed","ping_status":"closed","template":"","meta":{"om_disable_all_campaigns":false,"_mi_skip_tracking":false,"footnotes":""},"class_list":["post-59","page","type-page","status-publish","has-post-thumbnail","hentry"],"aioseo_notices":[],"_links":{"self":[{"href":"https:\/\/springenieur.ch\/index.php?rest_route=\/wp\/v2\/pages\/59","targetHints":{"allow":["GET"]}}],"collection":[{"href":"https:\/\/springenieur.ch\/index.php?rest_route=\/wp\/v2\/pages"}],"about":[{"href":"https:\/\/springenieur.ch\/index.php?rest_route=\/wp\/v2\/types\/page"}],"author":[{"embeddable":true,"href":"https:\/\/springenieur.ch\/index.php?rest_route=\/wp\/v2\/users\/1"}],"replies":[{"embeddable":true,"href":"https:\/\/springenieur.ch\/index.php?rest_route=%2Fwp%2Fv2%2Fcomments&post=59"}],"version-history":[{"count":6,"href":"https:\/\/springenieur.ch\/index.php?rest_route=\/wp\/v2\/pages\/59\/revisions"}],"predecessor-version":[{"id":91,"href":"https:\/\/springenieur.ch\/index.php?rest_route=\/wp\/v2\/pages\/59\/revisions\/91"}],"wp:featuredmedia":[{"embeddable":true,"href":"https:\/\/springenieur.ch\/index.php?rest_route=\/wp\/v2\/media\/71"}],"wp:attachment":[{"href":"https:\/\/springenieur.ch\/index.php?rest_route=%2Fwp%2Fv2%2Fmedia&parent=59"}],"curies":[{"name":"wp","href":"https:\/\/api.w.org\/{rel}","templated":true}]}}